{"id":1993,"date":"2025-11-03T14:52:58","date_gmt":"2025-11-03T13:52:58","guid":{"rendered":"https:\/\/drmarcoranieri.com\/?page_id=1993"},"modified":"2025-11-14T13:50:58","modified_gmt":"2025-11-14T12:50:58","slug":"cirugia-masculina","status":"publish","type":"page","link":"https:\/\/drmarcoranieri.com\/es\/male-surgery\/","title":{"rendered":"Cirug\u00eda Masculina"},"content":{"rendered":"<div data-elementor-type=\"wp-page\" data-elementor-id=\"1993\" class=\"elementor elementor-1993\" data-elementor-post-type=\"page\">\n\t\t\t\t<div class=\"elementor-element elementor-element-8af37fe e-flex e-con-boxed e-con e-parent\" data-id=\"8af37fe\" data-element_type=\"container\" data-e-type=\"container\" data-settings=\"{&quot;background_background&quot;:&quot;classic&quot;}\">\n\t\t\t\t\t<div class=\"e-con-inner\">\n\t\t\t\t<div class=\"elementor-element elementor-element-1c0889a elementor-widget__width-initial elementor-invisible elementor-widget elementor-widget-heading\" data-id=\"1c0889a\" data-element_type=\"widget\" data-e-type=\"widget\" data-settings=\"{&quot;_animation&quot;:&quot;fadeInUp&quot;}\" data-widget_type=\"heading.default\">\n\t\t\t\t\t<h1 class=\"elementor-heading-title elementor-size-default\">Cirug\u00eda Masculina<\/h1>\t\t\t\t<\/div>\n\t\t\t\t<div class=\"elementor-element elementor-element-94c6821 elementor-widget elementor-widget-image\" data-id=\"94c6821\" data-element_type=\"widget\" data-e-type=\"widget\" data-widget_type=\"image.default\">\n\t\t\t\t\t\t\t\t\t\t\t\t\t\t\t<img decoding=\"async\" width=\"289\" height=\"159\" src=\"https:\/\/drmarcoranieri.com\/wp-content\/uploads\/2025\/10\/Layer_1.svg\" class=\"attachment-full size-full wp-image-1503\" alt=\"\" \/>\t\t\t\t\t\t\t\t\t\t\t\t\t\t\t<\/div>\n\t\t\t\t\t<\/div>\n\t\t\t\t<\/div>\n\t\t<div class=\"elementor-element elementor-element-d5aee22 e-flex e-con-boxed e-con e-parent\" data-id=\"d5aee22\" data-element_type=\"container\" data-e-type=\"container\">\n\t\t\t\t\t<div class=\"e-con-inner\">\n\t\t<div class=\"elementor-element elementor-element-3ceb781 e-con-full e-flex e-con e-child\" data-id=\"3ceb781\" data-element_type=\"container\" data-e-type=\"container\">\n\t\t\t\t<div class=\"elementor-element elementor-element-5a57813 elementor-widget__width-initial elementor-widget elementor-widget-text-editor\" data-id=\"5a57813\" data-element_type=\"widget\" data-e-type=\"widget\" data-widget_type=\"text-editor.default\">\n\t\t\t\t\t\t\t\t\t<p><strong>Recupere un t\u00f3rax equilibrado y masculino<\/strong><br \/>Recupere la confianza en su aspecto con una avanzada ginecomastia. El Dr. Ranieri puede ayudarle a redefinir los contornos de su pecho y restaurar una forma naturalmente masculina mediante t\u00e9cnicas precisas, seguras y eficaces.<br \/>\u00a0<br \/>La ginecomastia, un engrosamiento del tejido o hipertrofia del tejido mamario en los hombres, afecta a casi la mitad de la poblaci\u00f3n masculina y puede presentarse independientemente del nivel de forma f\u00edsica o del peso corporal. Incluso las personas delgadas pueden notar una acumulaci\u00f3n persistente de grasa o tejido glandular que altera la apariencia del t\u00f3rax.<br \/>\u00a0<br \/>Mediante t\u00e9cnicas de liposucci\u00f3n y extirpaci\u00f3n de tejido de \u00faltima generaci\u00f3n, podemos crear un pecho firme, plano y masculino. Los resultados son inmediatos, duraderos y con cicatrices m\u00ednimas, ayud\u00e1ndole a verse y sentirse mejor, con una nueva sensaci\u00f3n de confianza.<\/p>\t\t\t\t\t\t\t\t<\/div>\n\t\t\t\t<\/div>\n\t\t<div class=\"elementor-element elementor-element-8ef6b95 e-con-full flp-bxs e-flex e-con e-child\" data-id=\"8ef6b95\" data-element_type=\"container\" data-e-type=\"container\">\n\t\t<div class=\"elementor-element elementor-element-f66aff9 e-con-full e-flex e-con e-child\" data-id=\"f66aff9\" data-element_type=\"container\" data-e-type=\"container\">\n\t\t\t\t<\/div>\n\t\t<div class=\"elementor-element elementor-element-ce36b72 e-con-full e-flex e-con e-child\" data-id=\"ce36b72\" data-element_type=\"container\" data-e-type=\"container\">\n\t\t\t\t<div class=\"elementor-element elementor-element-551b952 elementor-flip-box--effect-fade breast elementor-widget__width-inherit elementor-widget elementor-widget-flip-box\" data-id=\"551b952\" data-element_type=\"widget\" data-e-type=\"widget\" data-widget_type=\"flip-box.default\">\n\t\t\t\t\t\t\t<div class=\"elementor-flip-box\" tabindex=\"0\">\n\t\t\t<div class=\"elementor-flip-box__layer elementor-flip-box__front\">\n\t\t\t\t<div class=\"elementor-flip-box__layer__overlay\">\n\t\t\t\t\t<div class=\"elementor-flip-box__layer__inner\">\n\t\t\t\t\t\t\t\t\t\t\t\t\t<div class=\"elementor-icon-wrapper elementor-view-default\">\n\t\t\t\t\t\t\t\t<div class=\"elementor-icon\">\n\t\t\t\t\t\t\t\t\t<svg xmlns=\"http:\/\/www.w3.org\/2000\/svg\" width=\"79\" height=\"20\" viewbox=\"0 0 79 20\" fill=\"none\"><path d=\"M69.7071 10.7071C70.0976 10.3166 70.0976 9.68342 69.7071 9.29289L63.3431 2.92893C62.9526 2.53841 62.3195 2.53841 61.9289 2.92893C61.5384 3.31946 61.5384 3.95262 61.9289 4.34315L67.5858 10L61.9289 15.6569C61.5384 16.0474 61.5384 16.6805 61.9289 17.0711C62.3195 17.4616 62.9526 17.4616 63.3431 17.0711L69.7071 10.7071ZM10 10V11H69V10V9H10V10Z\" fill=\"white\"><\/path><\/svg>\t\t\t\t\t\t\t\t<\/div>\n\t\t\t\t\t\t\t<\/div>\n\t\t\t\t\t\t\n\t\t\t\t\t\t\t\t\t\t\t\t\t<h3 class=\"elementor-flip-box__layer__title\">\n\t\t\t\t\t\t\t\tGinecomastia\t\t\t\t\t\t\t<\/h3>\n\t\t\t\t\t\t\n\t\t\t\t\t\t\t\t\t\t\t<\/div>\n\t\t\t\t<\/div>\n\t\t\t<\/div>\n\t\t\t<a class=\"elementor-flip-box__layer elementor-flip-box__back\" href=\"https:\/\/drmarcoranieri.com\/es\/cirugia-masculina\/ginecomastia\/\">\n\t\t\t<div class=\"elementor-flip-box__layer__overlay\">\n\t\t\t\t<div class=\"elementor-flip-box__layer__inner\">\n\t\t\t\t\t\t\t\t\t\t\t<h3 class=\"elementor-flip-box__layer__title\">\n\t\t\t\t\t\t\tGinecomastia \t\t\t\t\t\t<\/h3>\n\t\t\t\t\t\n\t\t\t\t\t\n\t\t\t\t\t\t\t\t\t\t\t<span class=\"elementor-flip-box__button elementor-button elementor-size-xs\">\n\t\t\t\t\t\t\t\u27f6\t\t\t\t\t\t<\/span>\n\t\t\t\t\t\t\t\t<\/div>\n\t\t<\/div>\n\t\t<\/a>\n\t\t<\/div>\n\t\t\t\t\t\t<\/div>\n\t\t\t\t<\/div>\n\t\t<div class=\"elementor-element elementor-element-307154a e-con-full e-flex e-con e-child\" data-id=\"307154a\" data-element_type=\"container\" data-e-type=\"container\">\n\t\t\t\t<\/div>\n\t\t\t\t<\/div>\n\t\t\t\t\t<\/div>\n\t\t\t\t<\/div>\n\t\t\t\t<\/div>","protected":false},"excerpt":{"rendered":"<p>Male Surgery Restore a balanced, masculine chestRegain confidence in your appearance with advanced male breast reduction surgery. Dr Ranieri can help redefine your chest contours and restore a naturally masculine shape through precise, safe and effective techniques.\u00a0Gynecomastia, an enlargement of male breast tissue, affects nearly half of all men and can occur regardless of fitness [&hellip;]<\/p>\n","protected":false},"author":1,"featured_media":0,"parent":0,"menu_order":0,"comment_status":"closed","ping_status":"closed","template":"elementor_header_footer","meta":{"footnotes":""},"class_list":["post-1993","page","type-page","status-publish","hentry"],"_links":{"self":[{"href":"https:\/\/drmarcoranieri.com\/es\/wp-json\/wp\/v2\/pages\/1993","targetHints":{"allow":["GET"]}}],"collection":[{"href":"https:\/\/drmarcoranieri.com\/es\/wp-json\/wp\/v2\/pages"}],"about":[{"href":"https:\/\/drmarcoranieri.com\/es\/wp-json\/wp\/v2\/types\/page"}],"author":[{"embeddable":true,"href":"https:\/\/drmarcoranieri.com\/es\/wp-json\/wp\/v2\/users\/1"}],"replies":[{"embeddable":true,"href":"https:\/\/drmarcoranieri.com\/es\/wp-json\/wp\/v2\/comments?post=1993"}],"version-history":[{"count":0,"href":"https:\/\/drmarcoranieri.com\/es\/wp-json\/wp\/v2\/pages\/1993\/revisions"}],"wp:attachment":[{"href":"https:\/\/drmarcoranieri.com\/es\/wp-json\/wp\/v2\/media?parent=1993"}],"curies":[{"name":"wp","href":"https:\/\/api.w.org\/{rel}","templated":true}]}}