{"id":2243,"date":"2025-11-13T13:39:43","date_gmt":"2025-11-13T12:39:43","guid":{"rendered":"https:\/\/drmarcoranieri.com\/?page_id=2243"},"modified":"2026-03-13T10:28:19","modified_gmt":"2026-03-13T09:28:19","slug":"gesichts-op","status":"publish","type":"page","link":"https:\/\/drmarcoranieri.com\/de\/face-surgery\/","title":{"rendered":"Gesichts OP"},"content":{"rendered":"<div data-elementor-type=\"wp-page\" data-elementor-id=\"2243\" class=\"elementor elementor-2243\" data-elementor-post-type=\"page\">\n\t\t\t\t<div class=\"elementor-element elementor-element-3cfb4cf e-flex e-con-boxed e-con e-parent\" data-id=\"3cfb4cf\" data-element_type=\"container\" data-e-type=\"container\" data-settings=\"{&quot;background_background&quot;:&quot;classic&quot;}\">\n\t\t\t\t\t<div class=\"e-con-inner\">\n\t\t\t\t<div class=\"elementor-element elementor-element-6b29c9c elementor-widget__width-initial elementor-invisible elementor-widget elementor-widget-heading\" data-id=\"6b29c9c\" data-element_type=\"widget\" data-e-type=\"widget\" data-settings=\"{&quot;_animation&quot;:&quot;fadeInUp&quot;}\" data-widget_type=\"heading.default\">\n\t\t\t\t\t<h1 class=\"elementor-heading-title elementor-size-default\">Gesichts OP<\/h1>\t\t\t\t<\/div>\n\t\t\t\t<div class=\"elementor-element elementor-element-b11b66c elementor-widget elementor-widget-image\" data-id=\"b11b66c\" data-element_type=\"widget\" data-e-type=\"widget\" data-widget_type=\"image.default\">\n\t\t\t\t\t\t\t\t\t\t\t\t\t\t\t<img decoding=\"async\" width=\"289\" height=\"159\" src=\"https:\/\/drmarcoranieri.com\/wp-content\/uploads\/2025\/10\/Layer_1.svg\" class=\"attachment-full size-full wp-image-1503\" alt=\"\" \/>\t\t\t\t\t\t\t\t\t\t\t\t\t\t\t<\/div>\n\t\t\t\t\t<\/div>\n\t\t\t\t<\/div>\n\t\t<div class=\"elementor-element elementor-element-f4d651e e-flex e-con-boxed e-con e-parent\" data-id=\"f4d651e\" data-element_type=\"container\" data-e-type=\"container\">\n\t\t\t\t\t<div class=\"e-con-inner\">\n\t\t<div class=\"elementor-element elementor-element-232f72f e-con-full e-flex e-con e-child\" data-id=\"232f72f\" data-element_type=\"container\" data-e-type=\"container\">\n\t\t\t\t<div class=\"elementor-element elementor-element-4403f3a elementor-widget__width-initial elementor-widget elementor-widget-text-editor\" data-id=\"4403f3a\" data-element_type=\"widget\" data-e-type=\"widget\" data-widget_type=\"text-editor.default\">\n\t\t\t\t\t\t\t\t\t<p><strong>Gesichtsverfeinerung und -verj\u00fcngung<\/strong><br \/>Die Wahrnehmung von Sch\u00f6nheit im Gesicht wird von vielen Faktoren beeinflusst, darunter kulturelle Ideale und pers\u00f6nliche Vorlieben. Wenn Sie mit Ihrem Aussehen unzufrieden sind, sei es aufgrund eines bestimmten Merkmals, fehlender Symmetrie oder sichtbaren Alterungszeichen wie Tr\u00e4nens\u00e4cken, Hauterschlaffung oder nachlassender Elastizit\u00e4t, bietet die \u00e4sthetische Gesichtschirurgie vielf\u00e4ltige L\u00f6sungen.<\/p><p>Dr. Ranieri ist Experte auf dem Gebiet der Gesichtsverj\u00fcngung und verf\u00fcgt \u00fcber umfassende Erfahrung in Facelifts, Halsliftings, Rhinoplastik und Lidkorrekturen. Mit modernen Techniken der Gesichtsverj\u00fcngung lassen sich \u00e4sthetische Ziele pr\u00e4zise erreichen, indem Gesichtsz\u00fcge verfeinert und Symmetrie sowie Harmonie verbessert werden. im Einklang mit Ihren pers\u00f6nlichen Sch\u00f6nheitsvorstellungen.<\/p>\t\t\t\t\t\t\t\t<\/div>\n\t\t\t\t<\/div>\n\t\t<div class=\"elementor-element elementor-element-3248699 e-con-full flp-bxs e-flex e-con e-child\" data-id=\"3248699\" data-element_type=\"container\" data-e-type=\"container\">\n\t\t<div class=\"elementor-element elementor-element-4decd7e e-con-full e-flex e-con e-child\" data-id=\"4decd7e\" data-element_type=\"container\" data-e-type=\"container\">\n\t\t\t\t<div class=\"elementor-element elementor-element-289c84f elementor-flip-box--effect-fade breast elementor-widget__width-inherit elementor-widget elementor-widget-flip-box\" data-id=\"289c84f\" data-element_type=\"widget\" data-e-type=\"widget\" data-widget_type=\"flip-box.default\">\n\t\t\t\t\t\t\t<div class=\"elementor-flip-box\" tabindex=\"0\">\n\t\t\t<div class=\"elementor-flip-box__layer elementor-flip-box__front\">\n\t\t\t\t<div class=\"elementor-flip-box__layer__overlay\">\n\t\t\t\t\t<div class=\"elementor-flip-box__layer__inner\">\n\t\t\t\t\t\t\t\t\t\t\t\t\t<div class=\"elementor-icon-wrapper elementor-view-default\">\n\t\t\t\t\t\t\t\t<div class=\"elementor-icon\">\n\t\t\t\t\t\t\t\t\t<svg xmlns=\"http:\/\/www.w3.org\/2000\/svg\" width=\"79\" height=\"20\" viewbox=\"0 0 79 20\" fill=\"none\"><path d=\"M69.7071 10.7071C70.0976 10.3166 70.0976 9.68342 69.7071 9.29289L63.3431 2.92893C62.9526 2.53841 62.3195 2.53841 61.9289 2.92893C61.5384 3.31946 61.5384 3.95262 61.9289 4.34315L67.5858 10L61.9289 15.6569C61.5384 16.0474 61.5384 16.6805 61.9289 17.0711C62.3195 17.4616 62.9526 17.4616 63.3431 17.0711L69.7071 10.7071ZM10 10V11H69V10V9H10V10Z\" fill=\"white\"><\/path><\/svg>\t\t\t\t\t\t\t\t<\/div>\n\t\t\t\t\t\t\t<\/div>\n\t\t\t\t\t\t\n\t\t\t\t\t\t\t\t\t\t\t\t\t<h3 class=\"elementor-flip-box__layer__title\">\n\t\t\t\t\t\t\t\tFacelift\t\t\t\t\t\t\t<\/h3>\n\t\t\t\t\t\t\n\t\t\t\t\t\t\t\t\t\t\t<\/div>\n\t\t\t\t<\/div>\n\t\t\t<\/div>\n\t\t\t<a class=\"elementor-flip-box__layer elementor-flip-box__back\" href=\"https:\/\/drmarcoranieri.com\/de\/face-surgery\/facelift\/\">\n\t\t\t<div class=\"elementor-flip-box__layer__overlay\">\n\t\t\t\t<div class=\"elementor-flip-box__layer__inner\">\n\t\t\t\t\t\t\t\t\t\t\t<h3 class=\"elementor-flip-box__layer__title\">\n\t\t\t\t\t\t\tFacelift\t\t\t\t\t\t<\/h3>\n\t\t\t\t\t\n\t\t\t\t\t\n\t\t\t\t\t\t\t\t\t\t\t<span class=\"elementor-flip-box__button elementor-button elementor-size-xs\">\n\t\t\t\t\t\t\t\u27f6\t\t\t\t\t\t<\/span>\n\t\t\t\t\t\t\t\t<\/div>\n\t\t<\/div>\n\t\t<\/a>\n\t\t<\/div>\n\t\t\t\t\t\t<\/div>\n\t\t\t\t<\/div>\n\t\t<div class=\"elementor-element elementor-element-dc2f1f0 e-con-full e-flex e-con e-child\" data-id=\"dc2f1f0\" data-element_type=\"container\" data-e-type=\"container\">\n\t\t\t\t<div class=\"elementor-element elementor-element-f5648a9 elementor-flip-box--effect-fade breast elementor-widget__width-inherit elementor-widget elementor-widget-flip-box\" data-id=\"f5648a9\" data-element_type=\"widget\" data-e-type=\"widget\" data-widget_type=\"flip-box.default\">\n\t\t\t\t\t\t\t<div class=\"elementor-flip-box\" tabindex=\"0\">\n\t\t\t<div class=\"elementor-flip-box__layer elementor-flip-box__front\">\n\t\t\t\t<div class=\"elementor-flip-box__layer__overlay\">\n\t\t\t\t\t<div class=\"elementor-flip-box__layer__inner\">\n\t\t\t\t\t\t\t\t\t\t\t\t\t<div class=\"elementor-icon-wrapper elementor-view-default\">\n\t\t\t\t\t\t\t\t<div class=\"elementor-icon\">\n\t\t\t\t\t\t\t\t\t<svg xmlns=\"http:\/\/www.w3.org\/2000\/svg\" width=\"79\" height=\"20\" viewbox=\"0 0 79 20\" fill=\"none\"><path d=\"M69.7071 10.7071C70.0976 10.3166 70.0976 9.68342 69.7071 9.29289L63.3431 2.92893C62.9526 2.53841 62.3195 2.53841 61.9289 2.92893C61.5384 3.31946 61.5384 3.95262 61.9289 4.34315L67.5858 10L61.9289 15.6569C61.5384 16.0474 61.5384 16.6805 61.9289 17.0711C62.3195 17.4616 62.9526 17.4616 63.3431 17.0711L69.7071 10.7071ZM10 10V11H69V10V9H10V10Z\" fill=\"white\"><\/path><\/svg>\t\t\t\t\t\t\t\t<\/div>\n\t\t\t\t\t\t\t<\/div>\n\t\t\t\t\t\t\n\t\t\t\t\t\t\t\t\t\t\t\t\t<h3 class=\"elementor-flip-box__layer__title\">\n\t\t\t\t\t\t\t\tAugenlift \t\t\t\t\t\t\t<\/h3>\n\t\t\t\t\t\t\n\t\t\t\t\t\t\t\t\t\t\t<\/div>\n\t\t\t\t<\/div>\n\t\t\t<\/div>\n\t\t\t<a class=\"elementor-flip-box__layer elementor-flip-box__back\" href=\"https:\/\/drmarcoranieri.com\/de\/face-surgery\/eyelift\/\">\n\t\t\t<div class=\"elementor-flip-box__layer__overlay\">\n\t\t\t\t<div class=\"elementor-flip-box__layer__inner\">\n\t\t\t\t\t\t\t\t\t\t\t<h3 class=\"elementor-flip-box__layer__title\">\n\t\t\t\t\t\t\tAugenlift \t\t\t\t\t\t<\/h3>\n\t\t\t\t\t\n\t\t\t\t\t\n\t\t\t\t\t\t\t\t\t\t\t<span class=\"elementor-flip-box__button elementor-button elementor-size-xs\">\n\t\t\t\t\t\t\t\u27f6\t\t\t\t\t\t<\/span>\n\t\t\t\t\t\t\t\t<\/div>\n\t\t<\/div>\n\t\t<\/a>\n\t\t<\/div>\n\t\t\t\t\t\t<\/div>\n\t\t\t\t<\/div>\n\t\t<div class=\"elementor-element elementor-element-6e3444a e-con-full e-flex e-con e-child\" data-id=\"6e3444a\" data-element_type=\"container\" data-e-type=\"container\">\n\t\t\t\t<div class=\"elementor-element elementor-element-52d027c elementor-flip-box--effect-fade breast elementor-widget__width-inherit elementor-widget elementor-widget-flip-box\" data-id=\"52d027c\" data-element_type=\"widget\" data-e-type=\"widget\" data-widget_type=\"flip-box.default\">\n\t\t\t\t\t\t\t<div class=\"elementor-flip-box\" tabindex=\"0\">\n\t\t\t<div class=\"elementor-flip-box__layer elementor-flip-box__front\">\n\t\t\t\t<div class=\"elementor-flip-box__layer__overlay\">\n\t\t\t\t\t<div class=\"elementor-flip-box__layer__inner\">\n\t\t\t\t\t\t\t\t\t\t\t\t\t<div class=\"elementor-icon-wrapper elementor-view-default\">\n\t\t\t\t\t\t\t\t<div class=\"elementor-icon\">\n\t\t\t\t\t\t\t\t\t<svg xmlns=\"http:\/\/www.w3.org\/2000\/svg\" width=\"79\" height=\"20\" viewbox=\"0 0 79 20\" fill=\"none\"><path d=\"M69.7071 10.7071C70.0976 10.3166 70.0976 9.68342 69.7071 9.29289L63.3431 2.92893C62.9526 2.53841 62.3195 2.53841 61.9289 2.92893C61.5384 3.31946 61.5384 3.95262 61.9289 4.34315L67.5858 10L61.9289 15.6569C61.5384 16.0474 61.5384 16.6805 61.9289 17.0711C62.3195 17.4616 62.9526 17.4616 63.3431 17.0711L69.7071 10.7071ZM10 10V11H69V10V9H10V10Z\" fill=\"white\"><\/path><\/svg>\t\t\t\t\t\t\t\t<\/div>\n\t\t\t\t\t\t\t<\/div>\n\t\t\t\t\t\t\n\t\t\t\t\t\t\t\t\t\t\t\t\t<h3 class=\"elementor-flip-box__layer__title\">\n\t\t\t\t\t\t\t\tRhinoplastik\t\t\t\t\t\t\t<\/h3>\n\t\t\t\t\t\t\n\t\t\t\t\t\t\t\t\t\t\t<\/div>\n\t\t\t\t<\/div>\n\t\t\t<\/div>\n\t\t\t<a class=\"elementor-flip-box__layer elementor-flip-box__back\" href=\"https:\/\/drmarcoranieri.com\/de\/face-surgery\/rhinoplasty\/\">\n\t\t\t<div class=\"elementor-flip-box__layer__overlay\">\n\t\t\t\t<div class=\"elementor-flip-box__layer__inner\">\n\t\t\t\t\t\t\t\t\t\t\t<h3 class=\"elementor-flip-box__layer__title\">\n\t\t\t\t\t\t\tRhinoplastik\t\t\t\t\t\t<\/h3>\n\t\t\t\t\t\n\t\t\t\t\t\n\t\t\t\t\t\t\t\t\t\t\t<span class=\"elementor-flip-box__button elementor-button elementor-size-xs\">\n\t\t\t\t\t\t\t\u27f6\t\t\t\t\t\t<\/span>\n\t\t\t\t\t\t\t\t<\/div>\n\t\t<\/div>\n\t\t<\/a>\n\t\t<\/div>\n\t\t\t\t\t\t<\/div>\n\t\t\t\t<\/div>\n\t\t<div class=\"elementor-element elementor-element-c7517d9 e-con-full e-flex e-con e-child\" data-id=\"c7517d9\" data-element_type=\"container\" data-e-type=\"container\">\n\t\t\t\t<div class=\"elementor-element elementor-element-43ea1b9 elementor-flip-box--effect-fade breast elementor-widget__width-inherit elementor-widget elementor-widget-flip-box\" data-id=\"43ea1b9\" data-element_type=\"widget\" data-e-type=\"widget\" data-widget_type=\"flip-box.default\">\n\t\t\t\t\t\t\t<div class=\"elementor-flip-box\" tabindex=\"0\">\n\t\t\t<div class=\"elementor-flip-box__layer elementor-flip-box__front\">\n\t\t\t\t<div class=\"elementor-flip-box__layer__overlay\">\n\t\t\t\t\t<div class=\"elementor-flip-box__layer__inner\">\n\t\t\t\t\t\t\t\t\t\t\t\t\t<div class=\"elementor-icon-wrapper elementor-view-default\">\n\t\t\t\t\t\t\t\t<div class=\"elementor-icon\">\n\t\t\t\t\t\t\t\t\t<svg xmlns=\"http:\/\/www.w3.org\/2000\/svg\" width=\"79\" height=\"20\" viewbox=\"0 0 79 20\" fill=\"none\"><path d=\"M69.7071 10.7071C70.0976 10.3166 70.0976 9.68342 69.7071 9.29289L63.3431 2.92893C62.9526 2.53841 62.3195 2.53841 61.9289 2.92893C61.5384 3.31946 61.5384 3.95262 61.9289 4.34315L67.5858 10L61.9289 15.6569C61.5384 16.0474 61.5384 16.6805 61.9289 17.0711C62.3195 17.4616 62.9526 17.4616 63.3431 17.0711L69.7071 10.7071ZM10 10V11H69V10V9H10V10Z\" fill=\"white\"><\/path><\/svg>\t\t\t\t\t\t\t\t<\/div>\n\t\t\t\t\t\t\t<\/div>\n\t\t\t\t\t\t\n\t\t\t\t\t\t\t\t\t\t\t\t\t<h3 class=\"elementor-flip-box__layer__title\">\n\t\t\t\t\t\t\t\tOtoplastik\t\t\t\t\t\t\t<\/h3>\n\t\t\t\t\t\t\n\t\t\t\t\t\t\t\t\t\t\t<\/div>\n\t\t\t\t<\/div>\n\t\t\t<\/div>\n\t\t\t<a class=\"elementor-flip-box__layer elementor-flip-box__back\" href=\"https:\/\/drmarcoranieri.com\/de\/face-surgery\/otoplasty\/\">\n\t\t\t<div class=\"elementor-flip-box__layer__overlay\">\n\t\t\t\t<div class=\"elementor-flip-box__layer__inner\">\n\t\t\t\t\t\t\t\t\t\t\t<h3 class=\"elementor-flip-box__layer__title\">\n\t\t\t\t\t\t\tOtoplastik\t\t\t\t\t\t<\/h3>\n\t\t\t\t\t\n\t\t\t\t\t\n\t\t\t\t\t\t\t\t\t\t\t<span class=\"elementor-flip-box__button elementor-button elementor-size-xs\">\n\t\t\t\t\t\t\t\u27f6\t\t\t\t\t\t<\/span>\n\t\t\t\t\t\t\t\t<\/div>\n\t\t<\/div>\n\t\t<\/a>\n\t\t<\/div>\n\t\t\t\t\t\t<\/div>\n\t\t\t\t<\/div>\n\t\t\t\t<\/div>\n\t\t\t\t\t<\/div>\n\t\t\t\t<\/div>\n\t\t<div class=\"elementor-element elementor-element-c61a53f e-flex e-con-boxed e-con e-parent\" data-id=\"c61a53f\" data-element_type=\"container\" data-e-type=\"container\">\n\t\t\t\t\t<div class=\"e-con-inner\">\n\t\t<div class=\"elementor-element elementor-element-a26d407 e-con-full elementor-hidden-tablet_extra elementor-hidden-tablet elementor-hidden-mobile_extra elementor-hidden-mobile e-flex e-con e-child\" data-id=\"a26d407\" data-element_type=\"container\" data-e-type=\"container\">\n\t\t\t\t<div class=\"elementor-element elementor-element-4620666 elementor-tablet_extra-align-justify elementor-widget__width-auto elementor-widget-tablet_extra__width-inherit elementor-widget elementor-widget-button\" data-id=\"4620666\" data-element_type=\"widget\" data-e-type=\"widget\" data-widget_type=\"button.default\">\n\t\t\t\t\t\t\t\t\t\t<a class=\"elementor-button elementor-button-link elementor-size-sm\" href=\"https:\/\/drmarcoranieri.com\/de\/face-surgery\/eyelift\/\">\n\t\t\t\t\t\t<span class=\"elementor-button-content-wrapper\">\n\t\t\t\t\t\t\t\t\t<span class=\"elementor-button-text\">Augenlift<\/span>\n\t\t\t\t\t<\/span>\n\t\t\t\t\t<\/a>\n\t\t\t\t\t\t\t\t<\/div>\n\t\t\t\t<div class=\"elementor-element elementor-element-a5a4751 elementor-tablet_extra-align-justify elementor-widget__width-auto elementor-widget-tablet_extra__width-inherit elementor-widget elementor-widget-button\" data-id=\"a5a4751\" data-element_type=\"widget\" data-e-type=\"widget\" data-widget_type=\"button.default\">\n\t\t\t\t\t\t\t\t\t\t<a class=\"elementor-button elementor-button-link elementor-size-sm\" href=\"https:\/\/drmarcoranieri.com\/de\/face-surgery\/facelift\/\">\n\t\t\t\t\t\t<span class=\"elementor-button-content-wrapper\">\n\t\t\t\t\t\t\t\t\t<span class=\"elementor-button-text\">Facelift<\/span>\n\t\t\t\t\t<\/span>\n\t\t\t\t\t<\/a>\n\t\t\t\t\t\t\t\t<\/div>\n\t\t\t\t<div class=\"elementor-element elementor-element-86502cb elementor-tablet_extra-align-justify elementor-widget__width-auto elementor-widget-tablet_extra__width-inherit elementor-widget elementor-widget-button\" data-id=\"86502cb\" data-element_type=\"widget\" data-e-type=\"widget\" data-widget_type=\"button.default\">\n\t\t\t\t\t\t\t\t\t\t<a class=\"elementor-button elementor-button-link elementor-size-sm\" href=\"https:\/\/drmarcoranieri.com\/de\/face-surgery\/rhinoplasty\/\">\n\t\t\t\t\t\t<span class=\"elementor-button-content-wrapper\">\n\t\t\t\t\t\t\t\t\t<span class=\"elementor-button-text\">Rhinoplastik<\/span>\n\t\t\t\t\t<\/span>\n\t\t\t\t\t<\/a>\n\t\t\t\t\t\t\t\t<\/div>\n\t\t\t\t<div class=\"elementor-element elementor-element-1d8d050 elementor-tablet_extra-align-justify elementor-widget__width-auto elementor-widget-tablet_extra__width-inherit elementor-widget elementor-widget-button\" data-id=\"1d8d050\" data-element_type=\"widget\" data-e-type=\"widget\" data-widget_type=\"button.default\">\n\t\t\t\t\t\t\t\t\t\t<a class=\"elementor-button elementor-button-link elementor-size-sm\" href=\"https:\/\/drmarcoranieri.com\/de\/face-surgery\/otoplasty\/\">\n\t\t\t\t\t\t<span class=\"elementor-button-content-wrapper\">\n\t\t\t\t\t\t\t\t\t<span class=\"elementor-button-text\">Otoplastik<\/span>\n\t\t\t\t\t<\/span>\n\t\t\t\t\t<\/a>\n\t\t\t\t\t\t\t\t<\/div>\n\t\t\t\t<\/div>\n\t\t\t\t\t<\/div>\n\t\t\t\t<\/div>\n\t\t<div class=\"elementor-element elementor-element-4c62869 e-con-full elementor-hidden-widescreen elementor-hidden-desktop elementor-hidden-laptop elementor-hidden-tablet_extra elementor-hidden-tablet e-flex e-con e-child\" data-id=\"4c62869\" data-element_type=\"container\" data-e-type=\"container\">\n\t\t\t\t<div class=\"elementor-element elementor-element-69da0e4 elementor-tablet_extra-align-justify elementor-widget__width-auto elementor-widget-tablet_extra__width-inherit elementor-widget elementor-widget-button\" data-id=\"69da0e4\" data-element_type=\"widget\" data-e-type=\"widget\" data-widget_type=\"button.default\">\n\t\t\t\t\t\t\t\t\t\t<a class=\"elementor-button elementor-button-link elementor-size-sm\" href=\"https:\/\/drmarcoranieri.com\/de\/face-surgery\/eyelift\/\">\n\t\t\t\t\t\t<span class=\"elementor-button-content-wrapper\">\n\t\t\t\t\t\t\t\t\t<span class=\"elementor-button-text\">Augenlift<\/span>\n\t\t\t\t\t<\/span>\n\t\t\t\t\t<\/a>\n\t\t\t\t\t\t\t\t<\/div>\n\t\t\t\t<div class=\"elementor-element elementor-element-696fd15 elementor-tablet_extra-align-justify elementor-widget__width-auto elementor-widget-tablet_extra__width-inherit elementor-widget elementor-widget-button\" data-id=\"696fd15\" data-element_type=\"widget\" data-e-type=\"widget\" data-widget_type=\"button.default\">\n\t\t\t\t\t\t\t\t\t\t<a class=\"elementor-button elementor-button-link elementor-size-sm\" href=\"https:\/\/drmarcoranieri.com\/de\/face-surgery\/facelift\/\">\n\t\t\t\t\t\t<span class=\"elementor-button-content-wrapper\">\n\t\t\t\t\t\t\t\t\t<span class=\"elementor-button-text\">Facelift<\/span>\n\t\t\t\t\t<\/span>\n\t\t\t\t\t<\/a>\n\t\t\t\t\t\t\t\t<\/div>\n\t\t\t\t<div class=\"elementor-element elementor-element-70460c5 elementor-tablet_extra-align-justify elementor-widget__width-auto elementor-widget-tablet_extra__width-inherit elementor-widget elementor-widget-button\" data-id=\"70460c5\" data-element_type=\"widget\" data-e-type=\"widget\" data-widget_type=\"button.default\">\n\t\t\t\t\t\t\t\t\t\t<a class=\"elementor-button elementor-button-link elementor-size-sm\" href=\"https:\/\/drmarcoranieri.com\/de\/face-surgery\/rhinoplasty\/\">\n\t\t\t\t\t\t<span class=\"elementor-button-content-wrapper\">\n\t\t\t\t\t\t\t\t\t<span class=\"elementor-button-text\">Rhinoplastik<\/span>\n\t\t\t\t\t<\/span>\n\t\t\t\t\t<\/a>\n\t\t\t\t\t\t\t\t<\/div>\n\t\t\t\t<div class=\"elementor-element elementor-element-794926d elementor-tablet_extra-align-justify elementor-widget__width-auto elementor-widget-tablet_extra__width-inherit elementor-widget elementor-widget-button\" data-id=\"794926d\" data-element_type=\"widget\" data-e-type=\"widget\" data-widget_type=\"button.default\">\n\t\t\t\t\t\t\t\t\t\t<a class=\"elementor-button elementor-button-link elementor-size-sm\" href=\"https:\/\/drmarcoranieri.com\/de\/face-surgery\/otoplasty\/\">\n\t\t\t\t\t\t<span class=\"elementor-button-content-wrapper\">\n\t\t\t\t\t\t\t\t\t<span class=\"elementor-button-text\">Otoplastik<\/span>\n\t\t\t\t\t<\/span>\n\t\t\t\t\t<\/a>\n\t\t\t\t\t\t\t\t<\/div>\n\t\t\t\t<\/div>\n\t\t\t\t<\/div>","protected":false},"excerpt":{"rendered":"<p>Face Surgery Facial refinement and rejuvenationThe perception of facial beauty is influenced by many factors, including cultural ideals and personal preferences. If you are unhappy with your appearance, whether this is a particular feature, the balance or reversing the effects of aging such as bags, sagging and loss of elasticity, facial cosmetic surgery offers a [&hellip;]<\/p>\n","protected":false},"author":1,"featured_media":0,"parent":0,"menu_order":0,"comment_status":"closed","ping_status":"closed","template":"elementor_header_footer","meta":{"footnotes":""},"class_list":["post-2243","page","type-page","status-publish","hentry"],"_links":{"self":[{"href":"https:\/\/drmarcoranieri.com\/de\/wp-json\/wp\/v2\/pages\/2243","targetHints":{"allow":["GET"]}}],"collection":[{"href":"https:\/\/drmarcoranieri.com\/de\/wp-json\/wp\/v2\/pages"}],"about":[{"href":"https:\/\/drmarcoranieri.com\/de\/wp-json\/wp\/v2\/types\/page"}],"author":[{"embeddable":true,"href":"https:\/\/drmarcoranieri.com\/de\/wp-json\/wp\/v2\/users\/1"}],"replies":[{"embeddable":true,"href":"https:\/\/drmarcoranieri.com\/de\/wp-json\/wp\/v2\/comments?post=2243"}],"version-history":[{"count":36,"href":"https:\/\/drmarcoranieri.com\/de\/wp-json\/wp\/v2\/pages\/2243\/revisions"}],"predecessor-version":[{"id":3052,"href":"https:\/\/drmarcoranieri.com\/de\/wp-json\/wp\/v2\/pages\/2243\/revisions\/3052"}],"wp:attachment":[{"href":"https:\/\/drmarcoranieri.com\/de\/wp-json\/wp\/v2\/media?parent=2243"}],"curies":[{"name":"wp","href":"https:\/\/api.w.org\/{rel}","templated":true}]}}