{"id":2019,"date":"2025-11-03T15:08:47","date_gmt":"2025-11-03T14:08:47","guid":{"rendered":"https:\/\/drmarcoranieri.com\/?page_id=2019"},"modified":"2025-12-01T16:23:04","modified_gmt":"2025-12-01T15:23:04","slug":"body-contouring","status":"publish","type":"page","link":"https:\/\/drmarcoranieri.com\/de\/body-contouring\/","title":{"rendered":"Body Contouring"},"content":{"rendered":"<div data-elementor-type=\"wp-page\" data-elementor-id=\"2019\" class=\"elementor elementor-2019\" data-elementor-post-type=\"page\">\n\t\t\t\t<div class=\"elementor-element elementor-element-b1628ed e-flex e-con-boxed e-con e-parent\" data-id=\"b1628ed\" data-element_type=\"container\" data-e-type=\"container\" data-settings=\"{&quot;background_background&quot;:&quot;classic&quot;}\">\n\t\t\t\t\t<div class=\"e-con-inner\">\n\t\t\t\t<div class=\"elementor-element elementor-element-cd072f2 elementor-widget__width-initial elementor-invisible elementor-widget elementor-widget-heading\" data-id=\"cd072f2\" data-element_type=\"widget\" data-e-type=\"widget\" data-settings=\"{&quot;_animation&quot;:&quot;fadeInUp&quot;}\" data-widget_type=\"heading.default\">\n\t\t\t\t\t<h1 class=\"elementor-heading-title elementor-size-default\">Body Contouring<\/h1>\t\t\t\t<\/div>\n\t\t\t\t<div class=\"elementor-element elementor-element-4c7d29f elementor-widget elementor-widget-image\" data-id=\"4c7d29f\" data-element_type=\"widget\" data-e-type=\"widget\" data-widget_type=\"image.default\">\n\t\t\t\t\t\t\t\t\t\t\t\t\t\t\t<img decoding=\"async\" width=\"289\" height=\"159\" src=\"https:\/\/drmarcoranieri.com\/wp-content\/uploads\/2025\/10\/Layer_1.svg\" class=\"attachment-full size-full wp-image-1503\" alt=\"\" \/>\t\t\t\t\t\t\t\t\t\t\t\t\t\t\t<\/div>\n\t\t\t\t\t<\/div>\n\t\t\t\t<\/div>\n\t\t<div class=\"elementor-element elementor-element-a811d46 e-flex e-con-boxed e-con e-parent\" data-id=\"a811d46\" data-element_type=\"container\" data-e-type=\"container\">\n\t\t\t\t\t<div class=\"e-con-inner\">\n\t\t<div class=\"elementor-element elementor-element-60b6fc1 e-con-full e-flex e-con e-child\" data-id=\"60b6fc1\" data-element_type=\"container\" data-e-type=\"container\">\n\t\t\t\t<div class=\"elementor-element elementor-element-c457fab elementor-widget__width-initial elementor-widget elementor-widget-text-editor\" data-id=\"c457fab\" data-element_type=\"widget\" data-e-type=\"widget\" data-widget_type=\"text-editor.default\">\n\t\t\t\t\t\t\t\t\t<p><strong>Ihren K\u00f6rper formen und definieren<\/strong><br \/>Body Contouring umfasst eine Reihe moderner chirurgischer und minimal-invasiver Verfahren, die darauf abzielen, die K\u00f6rperproportionen zu harmonisieren und zu verfeinern. Diese Behandlungen, darunter Fettabsaugung, Bauchdeckenstraffung und verschiedene Straffungstechniken, dienen dazu, \u00fcbersch\u00fcssiges Fettgewebe zu entfernen, die K\u00f6rpersilhouette zu definieren und die Spannkraft der Haut in Bereichen wiederherzustellen, die durch Alterung, Gewichtsver\u00e4nderungen oder Schwangerschaft beeintr\u00e4chtigt wurden.<\/p><p>Das Body Contouring bietet individuell abgestimmte L\u00f6sungen, die auf die Anatomie und die \u00e4sthetischen Ziele jedes einzelnen Patienten zugeschnitten sind. Die Behandlungspl\u00e4ne k\u00f6nnen gezielte K\u00f6rperkonturierung f\u00fcr M\u00e4nner, hautstraffende Verfahren oder erg\u00e4nzende Behandlungen wie Filler oder energiebasierte Technologien zur Verbesserung der Hautstruktur und Elastizit\u00e4t umfassen.<\/p><p>Dr. Ranieri verf\u00fcgt \u00fcber langj\u00e4hrige Erfahrung in der Durchf\u00fchrung pr\u00e4ziser Eingriffe wie Fettabsaugung, Bauchdeckenstraffung und ganzheitlicher K\u00f6rperbehandlungen (oft als \u201eMommy Makeover\u201c bezeichnet), um nat\u00fcrliche und harmonische Ergebnisse zu erzielen. Nach dem Eingriff berichten die meisten Patienten von einer deutlichen Verbesserung ihres K\u00f6rpergef\u00fchls, Komforts und Selbstbewusstseins.<\/p>\t\t\t\t\t\t\t\t<\/div>\n\t\t\t\t<\/div>\n\t\t<div class=\"elementor-element elementor-element-83084af e-con-full flp-bxs e-flex e-con e-child\" data-id=\"83084af\" data-element_type=\"container\" data-e-type=\"container\">\n\t\t<div class=\"elementor-element elementor-element-a47e8f6 e-con-full e-flex e-con e-child\" data-id=\"a47e8f6\" data-element_type=\"container\" data-e-type=\"container\">\n\t\t\t\t<div class=\"elementor-element elementor-element-c335888 elementor-flip-box--effect-fade breast elementor-widget__width-inherit elementor-widget elementor-widget-flip-box\" data-id=\"c335888\" data-element_type=\"widget\" data-e-type=\"widget\" data-widget_type=\"flip-box.default\">\n\t\t\t\t\t\t\t<div class=\"elementor-flip-box\" tabindex=\"0\">\n\t\t\t<div class=\"elementor-flip-box__layer elementor-flip-box__front\">\n\t\t\t\t<div class=\"elementor-flip-box__layer__overlay\">\n\t\t\t\t\t<div class=\"elementor-flip-box__layer__inner\">\n\t\t\t\t\t\t\t\t\t\t\t\t\t<div class=\"elementor-icon-wrapper elementor-view-default\">\n\t\t\t\t\t\t\t\t<div class=\"elementor-icon\">\n\t\t\t\t\t\t\t\t\t<svg xmlns=\"http:\/\/www.w3.org\/2000\/svg\" width=\"79\" height=\"20\" viewbox=\"0 0 79 20\" fill=\"none\"><path d=\"M69.7071 10.7071C70.0976 10.3166 70.0976 9.68342 69.7071 9.29289L63.3431 2.92893C62.9526 2.53841 62.3195 2.53841 61.9289 2.92893C61.5384 3.31946 61.5384 3.95262 61.9289 4.34315L67.5858 10L61.9289 15.6569C61.5384 16.0474 61.5384 16.6805 61.9289 17.0711C62.3195 17.4616 62.9526 17.4616 63.3431 17.0711L69.7071 10.7071ZM10 10V11H69V10V9H10V10Z\" fill=\"white\"><\/path><\/svg>\t\t\t\t\t\t\t\t<\/div>\n\t\t\t\t\t\t\t<\/div>\n\t\t\t\t\t\t\n\t\t\t\t\t\t\t\t\t\t\t\t\t<h3 class=\"elementor-flip-box__layer__title\">\n\t\t\t\t\t\t\t\tLiposuktion\t\t\t\t\t\t\t<\/h3>\n\t\t\t\t\t\t\n\t\t\t\t\t\t\t\t\t\t\t<\/div>\n\t\t\t\t<\/div>\n\t\t\t<\/div>\n\t\t\t<a class=\"elementor-flip-box__layer elementor-flip-box__back\" href=\"https:\/\/drmarcoranieri.com\/de\/body-contouring\/liposuction\/\">\n\t\t\t<div class=\"elementor-flip-box__layer__overlay\">\n\t\t\t\t<div class=\"elementor-flip-box__layer__inner\">\n\t\t\t\t\t\t\t\t\t\t\t<h3 class=\"elementor-flip-box__layer__title\">\n\t\t\t\t\t\t\tLiposuktion\t\t\t\t\t\t<\/h3>\n\t\t\t\t\t\n\t\t\t\t\t\n\t\t\t\t\t\t\t\t\t\t\t<span class=\"elementor-flip-box__button elementor-button elementor-size-xs\">\n\t\t\t\t\t\t\t\u27f6\t\t\t\t\t\t<\/span>\n\t\t\t\t\t\t\t\t<\/div>\n\t\t<\/div>\n\t\t<\/a>\n\t\t<\/div>\n\t\t\t\t\t\t<\/div>\n\t\t\t\t<\/div>\n\t\t<div class=\"elementor-element elementor-element-58b0c71 e-con-full e-flex e-con e-child\" data-id=\"58b0c71\" data-element_type=\"container\" data-e-type=\"container\">\n\t\t\t\t<div class=\"elementor-element elementor-element-ecf6ee5 elementor-flip-box--effect-fade breast elementor-widget__width-inherit elementor-widget elementor-widget-flip-box\" data-id=\"ecf6ee5\" data-element_type=\"widget\" data-e-type=\"widget\" data-widget_type=\"flip-box.default\">\n\t\t\t\t\t\t\t<div class=\"elementor-flip-box\" tabindex=\"0\">\n\t\t\t<div class=\"elementor-flip-box__layer elementor-flip-box__front\">\n\t\t\t\t<div class=\"elementor-flip-box__layer__overlay\">\n\t\t\t\t\t<div class=\"elementor-flip-box__layer__inner\">\n\t\t\t\t\t\t\t\t\t\t\t\t\t<div class=\"elementor-icon-wrapper elementor-view-default\">\n\t\t\t\t\t\t\t\t<div class=\"elementor-icon\">\n\t\t\t\t\t\t\t\t\t<svg xmlns=\"http:\/\/www.w3.org\/2000\/svg\" width=\"79\" height=\"20\" viewbox=\"0 0 79 20\" fill=\"none\"><path d=\"M69.7071 10.7071C70.0976 10.3166 70.0976 9.68342 69.7071 9.29289L63.3431 2.92893C62.9526 2.53841 62.3195 2.53841 61.9289 2.92893C61.5384 3.31946 61.5384 3.95262 61.9289 4.34315L67.5858 10L61.9289 15.6569C61.5384 16.0474 61.5384 16.6805 61.9289 17.0711C62.3195 17.4616 62.9526 17.4616 63.3431 17.0711L69.7071 10.7071ZM10 10V11H69V10V9H10V10Z\" fill=\"white\"><\/path><\/svg>\t\t\t\t\t\t\t\t<\/div>\n\t\t\t\t\t\t\t<\/div>\n\t\t\t\t\t\t\n\t\t\t\t\t\t\t\t\t\t\t\t\t<h3 class=\"elementor-flip-box__layer__title\">\n\t\t\t\t\t\t\t\tBauchdeckenstraffung\t\t\t\t\t\t\t<\/h3>\n\t\t\t\t\t\t\n\t\t\t\t\t\t\t\t\t\t\t<\/div>\n\t\t\t\t<\/div>\n\t\t\t<\/div>\n\t\t\t<a class=\"elementor-flip-box__layer elementor-flip-box__back\" href=\"https:\/\/drmarcoranieri.com\/de\/body-contouring\/tummy-tuck\/\">\n\t\t\t<div class=\"elementor-flip-box__layer__overlay\">\n\t\t\t\t<div class=\"elementor-flip-box__layer__inner\">\n\t\t\t\t\t\t\t\t\t\t\t<h3 class=\"elementor-flip-box__layer__title\">\n\t\t\t\t\t\t\tBauchdeckenstraffung\t\t\t\t\t\t<\/h3>\n\t\t\t\t\t\n\t\t\t\t\t\n\t\t\t\t\t\t\t\t\t\t\t<span class=\"elementor-flip-box__button elementor-button elementor-size-xs\">\n\t\t\t\t\t\t\t\u27f6\t\t\t\t\t\t<\/span>\n\t\t\t\t\t\t\t\t<\/div>\n\t\t<\/div>\n\t\t<\/a>\n\t\t<\/div>\n\t\t\t\t\t\t<\/div>\n\t\t\t\t<\/div>\n\t\t<div class=\"elementor-element elementor-element-c00722e e-con-full e-flex e-con e-child\" data-id=\"c00722e\" data-element_type=\"container\" data-e-type=\"container\">\n\t\t\t\t<div class=\"elementor-element elementor-element-eef2aba elementor-flip-box--effect-fade breast elementor-widget__width-inherit elementor-widget elementor-widget-flip-box\" data-id=\"eef2aba\" data-element_type=\"widget\" data-e-type=\"widget\" data-widget_type=\"flip-box.default\">\n\t\t\t\t\t\t\t<div class=\"elementor-flip-box\" tabindex=\"0\">\n\t\t\t<div class=\"elementor-flip-box__layer elementor-flip-box__front\">\n\t\t\t\t<div class=\"elementor-flip-box__layer__overlay\">\n\t\t\t\t\t<div class=\"elementor-flip-box__layer__inner\">\n\t\t\t\t\t\t\t\t\t\t\t\t\t<div class=\"elementor-icon-wrapper elementor-view-default\">\n\t\t\t\t\t\t\t\t<div class=\"elementor-icon\">\n\t\t\t\t\t\t\t\t\t<svg xmlns=\"http:\/\/www.w3.org\/2000\/svg\" width=\"79\" height=\"20\" viewbox=\"0 0 79 20\" fill=\"none\"><path d=\"M69.7071 10.7071C70.0976 10.3166 70.0976 9.68342 69.7071 9.29289L63.3431 2.92893C62.9526 2.53841 62.3195 2.53841 61.9289 2.92893C61.5384 3.31946 61.5384 3.95262 61.9289 4.34315L67.5858 10L61.9289 15.6569C61.5384 16.0474 61.5384 16.6805 61.9289 17.0711C62.3195 17.4616 62.9526 17.4616 63.3431 17.0711L69.7071 10.7071ZM10 10V11H69V10V9H10V10Z\" fill=\"white\"><\/path><\/svg>\t\t\t\t\t\t\t\t<\/div>\n\t\t\t\t\t\t\t<\/div>\n\t\t\t\t\t\t\n\t\t\t\t\t\t\t\t\t\t\t\t\t<h3 class=\"elementor-flip-box__layer__title\">\n\t\t\t\t\t\t\t\tMommy Makeover\t\t\t\t\t\t\t<\/h3>\n\t\t\t\t\t\t\n\t\t\t\t\t\t\t\t\t\t\t<\/div>\n\t\t\t\t<\/div>\n\t\t\t<\/div>\n\t\t\t<a class=\"elementor-flip-box__layer elementor-flip-box__back\" href=\"https:\/\/drmarcoranieri.com\/de\/body-contouring\/mommy-makeover\/\">\n\t\t\t<div class=\"elementor-flip-box__layer__overlay\">\n\t\t\t\t<div class=\"elementor-flip-box__layer__inner\">\n\t\t\t\t\t\t\t\t\t\t\t<h3 class=\"elementor-flip-box__layer__title\">\n\t\t\t\t\t\t\tMommy Makeover\t\t\t\t\t\t<\/h3>\n\t\t\t\t\t\n\t\t\t\t\t\n\t\t\t\t\t\t\t\t\t\t\t<span class=\"elementor-flip-box__button elementor-button elementor-size-xs\">\n\t\t\t\t\t\t\t\u27f6\t\t\t\t\t\t<\/span>\n\t\t\t\t\t\t\t\t<\/div>\n\t\t<\/div>\n\t\t<\/a>\n\t\t<\/div>\n\t\t\t\t\t\t<\/div>\n\t\t\t\t<\/div>\n\t\t\t\t<\/div>\n\t\t\t\t\t<\/div>\n\t\t\t\t<\/div>\n\t\t<div class=\"elementor-element elementor-element-ad979fe elementor-hidden-tablet_extra elementor-hidden-tablet elementor-hidden-mobile_extra elementor-hidden-mobile e-flex e-con-boxed e-con e-child\" data-id=\"ad979fe\" data-element_type=\"container\" data-e-type=\"container\">\n\t\t\t\t\t<div class=\"e-con-inner\">\n\t\t\t\t<div class=\"elementor-element elementor-element-53af4b3 elementor-tablet_extra-align-justify elementor-widget__width-auto elementor-widget-tablet_extra__width-inherit elementor-widget elementor-widget-button\" data-id=\"53af4b3\" data-element_type=\"widget\" data-e-type=\"widget\" data-widget_type=\"button.default\">\n\t\t\t\t\t\t\t\t\t\t<a class=\"elementor-button elementor-button-link elementor-size-sm\" href=\"https:\/\/drmarcoranieri.com\/de\/body-contouring\/liposuction\/\">\n\t\t\t\t\t\t<span class=\"elementor-button-content-wrapper\">\n\t\t\t\t\t\t\t\t\t<span class=\"elementor-button-text\">Liposuktion<\/span>\n\t\t\t\t\t<\/span>\n\t\t\t\t\t<\/a>\n\t\t\t\t\t\t\t\t<\/div>\n\t\t\t\t<div class=\"elementor-element elementor-element-967f5a7 elementor-tablet_extra-align-justify elementor-widget__width-auto elementor-widget-tablet_extra__width-inherit elementor-widget elementor-widget-button\" data-id=\"967f5a7\" data-element_type=\"widget\" data-e-type=\"widget\" data-widget_type=\"button.default\">\n\t\t\t\t\t\t\t\t\t\t<a class=\"elementor-button elementor-button-link elementor-size-sm\" href=\"https:\/\/drmarcoranieri.com\/de\/body-contouring\/liposuction\/\">\n\t\t\t\t\t\t<span class=\"elementor-button-content-wrapper\">\n\t\t\t\t\t\t\t\t\t<span class=\"elementor-button-text\">Bauchdeckenstraffung<\/span>\n\t\t\t\t\t<\/span>\n\t\t\t\t\t<\/a>\n\t\t\t\t\t\t\t\t<\/div>\n\t\t\t\t<div class=\"elementor-element elementor-element-da4d3fe elementor-tablet_extra-align-justify elementor-widget__width-auto elementor-widget-tablet_extra__width-inherit elementor-widget elementor-widget-button\" data-id=\"da4d3fe\" data-element_type=\"widget\" data-e-type=\"widget\" data-widget_type=\"button.default\">\n\t\t\t\t\t\t\t\t\t\t<a class=\"elementor-button elementor-button-link elementor-size-sm\" href=\"https:\/\/drmarcoranieri.com\/de\/body-contouring\/mommy-makeover\/\">\n\t\t\t\t\t\t<span class=\"elementor-button-content-wrapper\">\n\t\t\t\t\t\t\t\t\t<span class=\"elementor-button-text\">Mommy Makeover<\/span>\n\t\t\t\t\t<\/span>\n\t\t\t\t\t<\/a>\n\t\t\t\t\t\t\t\t<\/div>\n\t\t\t\t\t<\/div>\n\t\t\t\t<\/div>\n\t\t<div class=\"elementor-element elementor-element-96a06ed e-con-full elementor-hidden-widescreen elementor-hidden-desktop elementor-hidden-laptop elementor-hidden-tablet_extra elementor-hidden-tablet e-flex e-con e-child\" data-id=\"96a06ed\" data-element_type=\"container\" data-e-type=\"container\">\n\t\t\t\t<div class=\"elementor-element elementor-element-c0430d8 elementor-tablet_extra-align-justify elementor-widget__width-auto elementor-widget-tablet_extra__width-inherit elementor-widget elementor-widget-button\" data-id=\"c0430d8\" data-element_type=\"widget\" data-e-type=\"widget\" data-widget_type=\"button.default\">\n\t\t\t\t\t\t\t\t\t\t<a class=\"elementor-button elementor-button-link elementor-size-sm\" href=\"https:\/\/drmarcoranieri.com\/de\/body-contouring\/liposuction\/\">\n\t\t\t\t\t\t<span class=\"elementor-button-content-wrapper\">\n\t\t\t\t\t\t\t\t\t<span class=\"elementor-button-text\">Liposuktion<\/span>\n\t\t\t\t\t<\/span>\n\t\t\t\t\t<\/a>\n\t\t\t\t\t\t\t\t<\/div>\n\t\t\t\t<div class=\"elementor-element elementor-element-be6393a elementor-tablet_extra-align-justify elementor-widget__width-auto elementor-widget-tablet_extra__width-inherit elementor-widget elementor-widget-button\" data-id=\"be6393a\" data-element_type=\"widget\" data-e-type=\"widget\" data-widget_type=\"button.default\">\n\t\t\t\t\t\t\t\t\t\t<a class=\"elementor-button elementor-button-link elementor-size-sm\" href=\"https:\/\/drmarcoranieri.com\/de\/body-contouring\/tummy-tuck\/\">\n\t\t\t\t\t\t<span class=\"elementor-button-content-wrapper\">\n\t\t\t\t\t\t\t\t\t<span class=\"elementor-button-text\">Bauchdeckenstraffung<\/span>\n\t\t\t\t\t<\/span>\n\t\t\t\t\t<\/a>\n\t\t\t\t\t\t\t\t<\/div>\n\t\t\t\t<div class=\"elementor-element elementor-element-b60d325 elementor-tablet_extra-align-justify elementor-widget__width-auto elementor-widget-tablet_extra__width-inherit elementor-widget elementor-widget-button\" data-id=\"b60d325\" data-element_type=\"widget\" data-e-type=\"widget\" data-widget_type=\"button.default\">\n\t\t\t\t\t\t\t\t\t\t<a class=\"elementor-button elementor-button-link elementor-size-sm\" href=\"https:\/\/drmarcoranieri.com\/de\/body-contouring\/mommy-makeover\/\">\n\t\t\t\t\t\t<span class=\"elementor-button-content-wrapper\">\n\t\t\t\t\t\t\t\t\t<span class=\"elementor-button-text\">Mommy Makeover<\/span>\n\t\t\t\t\t<\/span>\n\t\t\t\t\t<\/a>\n\t\t\t\t\t\t\t\t<\/div>\n\t\t\t\t<\/div>\n\t\t\t\t<\/div>","protected":false},"excerpt":{"rendered":"<p>Body Contouring Sculpt and tone your bodyBody contouring encompasses a range of advanced surgical and minimally invasive techniques designed to reshape and refine the body\u2019s proportions. These procedures \u2014 including liposuction, abdominoplasty, and various lifting techniques \u2014 aim to remove excess adipose tissue, improve definition, and restore firmness to areas affected by aging, weight fluctuations, [&hellip;]<\/p>\n","protected":false},"author":1,"featured_media":0,"parent":0,"menu_order":0,"comment_status":"closed","ping_status":"closed","template":"elementor_header_footer","meta":{"footnotes":""},"class_list":["post-2019","page","type-page","status-publish","hentry"],"_links":{"self":[{"href":"https:\/\/drmarcoranieri.com\/de\/wp-json\/wp\/v2\/pages\/2019","targetHints":{"allow":["GET"]}}],"collection":[{"href":"https:\/\/drmarcoranieri.com\/de\/wp-json\/wp\/v2\/pages"}],"about":[{"href":"https:\/\/drmarcoranieri.com\/de\/wp-json\/wp\/v2\/types\/page"}],"author":[{"embeddable":true,"href":"https:\/\/drmarcoranieri.com\/de\/wp-json\/wp\/v2\/users\/1"}],"replies":[{"embeddable":true,"href":"https:\/\/drmarcoranieri.com\/de\/wp-json\/wp\/v2\/comments?post=2019"}],"version-history":[{"count":0,"href":"https:\/\/drmarcoranieri.com\/de\/wp-json\/wp\/v2\/pages\/2019\/revisions"}],"wp:attachment":[{"href":"https:\/\/drmarcoranieri.com\/de\/wp-json\/wp\/v2\/media?parent=2019"}],"curies":[{"name":"wp","href":"https:\/\/api.w.org\/{rel}","templated":true}]}}